{"id":4533,"date":"2023-09-05T13:23:37","date_gmt":"2023-09-05T13:23:37","guid":{"rendered":"https:\/\/www.klanjac.hr\/thank-you\/"},"modified":"2023-09-05T21:58:29","modified_gmt":"2023-09-05T21:58:29","slug":"thank-you","status":"publish","type":"page","link":"https:\/\/www.klanjac.hr\/en\/thank-you\/","title":{"rendered":"Thank you"},"content":{"rendered":"<p>[et_pb_section fb_built=&#8221;1&#8243; theme_builder_area=&#8221;post_content&#8221; _builder_version=&#8221;4.22.1&#8243; _module_preset=&#8221;default&#8221; custom_padding=&#8221;10%||10%||true|false&#8221; hover_enabled=&#8221;0&#8243; sticky_enabled=&#8221;0&#8243;][et_pb_row _builder_version=&#8221;4.22.1&#8243; _module_preset=&#8221;default&#8221; theme_builder_area=&#8221;post_content&#8221; make_equal=&#8221;on&#8221; custom_css_main_element=&#8221;align-items: center;&#8221; positioning=&#8221;none&#8221; position_origin_a=&#8221;center_center&#8221; position_origin_f=&#8221;center_center&#8221; hover_enabled=&#8221;0&#8243; sticky_enabled=&#8221;0&#8243;][et_pb_column _builder_version=&#8221;4.22.1&#8243; _module_preset=&#8221;default&#8221; type=&#8221;4_4&#8243; theme_builder_area=&#8221;post_content&#8221;][et_pb_text _builder_version=&#8221;4.22.1&#8243; _module_preset=&#8221;default&#8221; theme_builder_area=&#8221;post_content&#8221; hover_enabled=&#8221;0&#8243; sticky_enabled=&#8221;0&#8243; text_font=&#8221;DM Sans||||||||&#8221; header_text_color=&#8221;#FF7F00&#8243; header_font=&#8221;|700|||||||&#8221;]<\/p>\n<div class=\"et_pb_with_border et_pb_module dsm_dual_heading dsm_dual_heading_0 et_pb_bg_layout_light\">\n<div class=\"et_pb_module_inner\">\n<h1 class=\"dsm-dual-heading-main et_pb_module_header\"><span class=\"dsm-dual-heading-before\">Thank you <\/span><span class=\"dsm-dual-heading-middle\">for your trust.<\/span><\/h1>\n<\/div>\n<\/div>\n<div class=\"et_pb_module et_pb_text et_pb_text_0 et_pb_text_align_left et_pb_bg_layout_light\">\n<div class=\"et_pb_text_inner\">\n<h3><span>We will contact you back within 24 hours.<\/span><\/h3>\n<\/div>\n<\/div>\n<p>[\/et_pb_text][et_pb_button button_url=&#8221;https:\/\/www.klanjac.hr\/en\/cleaning-services\/&#8221; button_text=&#8221;Return to homepage&#8221; _builder_version=&#8221;4.22.1&#8243; _module_preset=&#8221;default&#8221; custom_button=&#8221;on&#8221; button_text_color=&#8221;#ffffff&#8221; button_bg_color=&#8221;#FF7F00&#8243; button_border_width=&#8221;0px&#8221; button_border_color=&#8221;#7DCDF0&#8243; button_border_radius=&#8221;6px&#8221; button_font=&#8221;DM Sans||||||||&#8221; button_use_icon=&#8221;off&#8221; custom_padding=&#8221;10px|35px|10px|35px|true|true&#8221; hover_enabled=&#8221;0&#8243; global_colors_info=&#8221;{}&#8221; button_bg_color__hover_enabled=&#8221;on|hover&#8221; button_bg_color__hover=&#8221;#FF7F00&#8243; button_bg_enable_color__hover=&#8221;on&#8221; button_border_width__hover_enabled=&#8221;on|hover&#8221; button_border_width__hover=&#8221;3px&#8221; button_border_color__hover_enabled=&#8221;on|hover&#8221; button_border_color__hover=&#8221;#ffffff&#8221; theme_builder_area=&#8221;post_content&#8221; sticky_enabled=&#8221;0&#8243;][\/et_pb_button][\/et_pb_column][\/et_pb_row][\/et_pb_section]<\/p>\n","protected":false},"excerpt":{"rendered":"<p>Thank you for your trust. We will contact you back within 24 hours.<\/p>\n","protected":false},"author":1,"featured_media":0,"parent":0,"menu_order":0,"comment_status":"closed","ping_status":"closed","template":"","meta":{"_et_pb_use_builder":"on","_et_pb_old_content":"","_et_gb_content_width":"","footnotes":""},"class_list":["post-4533","page","type-page","status-publish","hentry"],"yoast_head":"<!-- This site is optimized with the Yoast SEO plugin v26.4 - https:\/\/yoast.com\/wordpress\/plugins\/seo\/ -->\n<title>Thank you - Klanjac d.o.o<\/title>\n<meta name=\"robots\" content=\"index, follow, max-snippet:-1, max-image-preview:large, max-video-preview:-1\" \/>\n<link rel=\"canonical\" href=\"https:\/\/www.klanjac.hr\/en\/thank-you\/\" \/>\n<meta property=\"og:locale\" content=\"en_US\" \/>\n<meta property=\"og:type\" content=\"article\" \/>\n<meta property=\"og:title\" content=\"Thank you - Klanjac d.o.o\" \/>\n<meta property=\"og:description\" content=\"Thank you for your trust. We will contact you back within 24 hours.\" \/>\n<meta property=\"og:url\" content=\"https:\/\/www.klanjac.hr\/en\/thank-you\/\" \/>\n<meta property=\"og:site_name\" content=\"Klanjac d.o.o\" \/>\n<meta property=\"article:modified_time\" content=\"2023-09-05T21:58:29+00:00\" \/>\n<meta name=\"twitter:card\" content=\"summary_large_image\" \/>\n<meta name=\"twitter:label1\" content=\"Est. reading time\" \/>\n\t<meta name=\"twitter:data1\" content=\"1 minute\" \/>\n<script type=\"application\/ld+json\" class=\"yoast-schema-graph\">{\"@context\":\"https:\/\/schema.org\",\"@graph\":[{\"@type\":\"WebPage\",\"@id\":\"https:\/\/www.klanjac.hr\/en\/thank-you\/\",\"url\":\"https:\/\/www.klanjac.hr\/en\/thank-you\/\",\"name\":\"Thank you - Klanjac d.o.o\",\"isPartOf\":{\"@id\":\"https:\/\/www.klanjac.hr\/en\/#website\"},\"datePublished\":\"2023-09-05T13:23:37+00:00\",\"dateModified\":\"2023-09-05T21:58:29+00:00\",\"breadcrumb\":{\"@id\":\"https:\/\/www.klanjac.hr\/en\/thank-you\/#breadcrumb\"},\"inLanguage\":\"en-US\",\"potentialAction\":[{\"@type\":\"ReadAction\",\"target\":[\"https:\/\/www.klanjac.hr\/en\/thank-you\/\"]}]},{\"@type\":\"BreadcrumbList\",\"@id\":\"https:\/\/www.klanjac.hr\/en\/thank-you\/#breadcrumb\",\"itemListElement\":[{\"@type\":\"ListItem\",\"position\":1,\"name\":\"Po\u010detna stranica\",\"item\":\"https:\/\/www.klanjac.hr\/en\/\"},{\"@type\":\"ListItem\",\"position\":2,\"name\":\"Thank you\"}]},{\"@type\":\"WebSite\",\"@id\":\"https:\/\/www.klanjac.hr\/en\/#website\",\"url\":\"https:\/\/www.klanjac.hr\/en\/\",\"name\":\"Klanjac d.o.o\",\"description\":\"Servis za \u010di\u0161\u0107enje i stolarija\",\"publisher\":{\"@id\":\"https:\/\/www.klanjac.hr\/en\/#organization\"},\"potentialAction\":[{\"@type\":\"SearchAction\",\"target\":{\"@type\":\"EntryPoint\",\"urlTemplate\":\"https:\/\/www.klanjac.hr\/en\/?s={search_term_string}\"},\"query-input\":{\"@type\":\"PropertyValueSpecification\",\"valueRequired\":true,\"valueName\":\"search_term_string\"}}],\"inLanguage\":\"en-US\"},{\"@type\":\"Organization\",\"@id\":\"https:\/\/www.klanjac.hr\/en\/#organization\",\"name\":\"Klanjac d.o.o\",\"url\":\"https:\/\/www.klanjac.hr\/en\/\",\"logo\":{\"@type\":\"ImageObject\",\"inLanguage\":\"en-US\",\"@id\":\"https:\/\/www.klanjac.hr\/en\/#\/schema\/logo\/image\/\",\"url\":\"https:\/\/www.klanjac.hr\/wp-content\/uploads\/2023\/08\/klanjac_logo-01.png\",\"contentUrl\":\"https:\/\/www.klanjac.hr\/wp-content\/uploads\/2023\/08\/klanjac_logo-01.png\",\"width\":2433,\"height\":994,\"caption\":\"Klanjac d.o.o\"},\"image\":{\"@id\":\"https:\/\/www.klanjac.hr\/en\/#\/schema\/logo\/image\/\"}}]}<\/script>\n<!-- \/ Yoast SEO plugin. -->","yoast_head_json":{"title":"Thank you - Klanjac d.o.o","robots":{"index":"index","follow":"follow","max-snippet":"max-snippet:-1","max-image-preview":"max-image-preview:large","max-video-preview":"max-video-preview:-1"},"canonical":"https:\/\/www.klanjac.hr\/en\/thank-you\/","og_locale":"en_US","og_type":"article","og_title":"Thank you - Klanjac d.o.o","og_description":"Thank you for your trust. We will contact you back within 24 hours.","og_url":"https:\/\/www.klanjac.hr\/en\/thank-you\/","og_site_name":"Klanjac d.o.o","article_modified_time":"2023-09-05T21:58:29+00:00","twitter_card":"summary_large_image","twitter_misc":{"Est. reading time":"1 minute"},"schema":{"@context":"https:\/\/schema.org","@graph":[{"@type":"WebPage","@id":"https:\/\/www.klanjac.hr\/en\/thank-you\/","url":"https:\/\/www.klanjac.hr\/en\/thank-you\/","name":"Thank you - Klanjac d.o.o","isPartOf":{"@id":"https:\/\/www.klanjac.hr\/en\/#website"},"datePublished":"2023-09-05T13:23:37+00:00","dateModified":"2023-09-05T21:58:29+00:00","breadcrumb":{"@id":"https:\/\/www.klanjac.hr\/en\/thank-you\/#breadcrumb"},"inLanguage":"en-US","potentialAction":[{"@type":"ReadAction","target":["https:\/\/www.klanjac.hr\/en\/thank-you\/"]}]},{"@type":"BreadcrumbList","@id":"https:\/\/www.klanjac.hr\/en\/thank-you\/#breadcrumb","itemListElement":[{"@type":"ListItem","position":1,"name":"Po\u010detna stranica","item":"https:\/\/www.klanjac.hr\/en\/"},{"@type":"ListItem","position":2,"name":"Thank you"}]},{"@type":"WebSite","@id":"https:\/\/www.klanjac.hr\/en\/#website","url":"https:\/\/www.klanjac.hr\/en\/","name":"Klanjac d.o.o","description":"Servis za \u010di\u0161\u0107enje i stolarija","publisher":{"@id":"https:\/\/www.klanjac.hr\/en\/#organization"},"potentialAction":[{"@type":"SearchAction","target":{"@type":"EntryPoint","urlTemplate":"https:\/\/www.klanjac.hr\/en\/?s={search_term_string}"},"query-input":{"@type":"PropertyValueSpecification","valueRequired":true,"valueName":"search_term_string"}}],"inLanguage":"en-US"},{"@type":"Organization","@id":"https:\/\/www.klanjac.hr\/en\/#organization","name":"Klanjac d.o.o","url":"https:\/\/www.klanjac.hr\/en\/","logo":{"@type":"ImageObject","inLanguage":"en-US","@id":"https:\/\/www.klanjac.hr\/en\/#\/schema\/logo\/image\/","url":"https:\/\/www.klanjac.hr\/wp-content\/uploads\/2023\/08\/klanjac_logo-01.png","contentUrl":"https:\/\/www.klanjac.hr\/wp-content\/uploads\/2023\/08\/klanjac_logo-01.png","width":2433,"height":994,"caption":"Klanjac d.o.o"},"image":{"@id":"https:\/\/www.klanjac.hr\/en\/#\/schema\/logo\/image\/"}}]}},"_links":{"self":[{"href":"https:\/\/www.klanjac.hr\/en\/wp-json\/wp\/v2\/pages\/4533","targetHints":{"allow":["GET"]}}],"collection":[{"href":"https:\/\/www.klanjac.hr\/en\/wp-json\/wp\/v2\/pages"}],"about":[{"href":"https:\/\/www.klanjac.hr\/en\/wp-json\/wp\/v2\/types\/page"}],"author":[{"embeddable":true,"href":"https:\/\/www.klanjac.hr\/en\/wp-json\/wp\/v2\/users\/1"}],"replies":[{"embeddable":true,"href":"https:\/\/www.klanjac.hr\/en\/wp-json\/wp\/v2\/comments?post=4533"}],"version-history":[{"count":0,"href":"https:\/\/www.klanjac.hr\/en\/wp-json\/wp\/v2\/pages\/4533\/revisions"}],"wp:attachment":[{"href":"https:\/\/www.klanjac.hr\/en\/wp-json\/wp\/v2\/media?parent=4533"}],"curies":[{"name":"wp","href":"https:\/\/api.w.org\/{rel}","templated":true}]}}