{"id":4410,"date":"2023-08-28T15:47:13","date_gmt":"2023-08-28T15:47:13","guid":{"rendered":"https:\/\/www.klanjac.hr\/about-us\/"},"modified":"2023-09-15T06:53:18","modified_gmt":"2023-09-15T06:53:18","slug":"about-us","status":"publish","type":"page","link":"https:\/\/www.klanjac.hr\/en\/about-us\/","title":{"rendered":"About us"},"content":{"rendered":"<p>[et_pb_section fb_built=&#8221;1&#8243; _builder_version=&#8221;4.22.0&#8243; _module_preset=&#8221;default&#8221; background_color=&#8221;#7dcdf0&#8243; background_enable_image=&#8221;off&#8221; custom_padding=&#8221;||1px|||&#8221; custom_css_main_element=&#8221;border-bottom-left-radius:300px;&#8221; global_colors_info=&#8221;{}&#8221; custom_css_main_element_last_edited=&#8221;on|tablet&#8221; custom_css_main_element_tablet=&#8221; &#8221; custom_css_main_element_phone=&#8221; &#8220;][et_pb_row column_structure=&#8221;1_2,1_2&#8243; custom_padding_last_edited=&#8221;on|phone&#8221; _builder_version=&#8221;4.22.0&#8243; _module_preset=&#8221;default&#8221; width=&#8221;100%&#8221; max_width=&#8221;100%&#8221; custom_margin=&#8221;2%||2%||true|false&#8221; custom_padding=&#8221;||0px|200px|false|false&#8221; custom_padding_tablet=&#8221;|40px|0px|40px|false|true&#8221; custom_padding_phone=&#8221;|20px||20px|false|true&#8221; global_colors_info=&#8221;{}&#8221;][et_pb_column type=&#8221;1_2&#8243; _builder_version=&#8221;4.16&#8243; _module_preset=&#8221;default&#8221; global_colors_info=&#8221;{}&#8221;][et_pb_text _builder_version=&#8221;4.22.1&#8243; _module_preset=&#8221;default&#8221; header_3_font=&#8221;DM Sans|700|||||||&#8221; header_3_text_color=&#8221;#ffffff&#8221; header_3_font_size=&#8221;68px&#8221; custom_margin=&#8221;70px||-65px||false|false&#8221; custom_margin_tablet=&#8221;&#8221; custom_margin_phone=&#8221;70px||-76px||false|false&#8221; custom_margin_last_edited=&#8221;on|phone&#8221; header_3_font_size_tablet=&#8221;45px&#8221; header_3_font_size_phone=&#8221;35px&#8221; header_3_font_size_last_edited=&#8221;on|phone&#8221; header_3_line_height_tablet=&#8221;&#8221; header_3_line_height_phone=&#8221;1.3em&#8221; header_3_line_height_last_edited=&#8221;on|phone&#8221; global_colors_info=&#8221;{}&#8221;]<\/p>\n<h3 class=\"\"><span>About us<\/span><\/h3>\n<h3><\/h3>\n<p>[\/et_pb_text][et_pb_text _builder_version=&#8221;4.22.1&#8243; _module_preset=&#8221;default&#8221; text_font=&#8221;DM Sans||||||||&#8221; text_text_color=&#8221;#FFFFFF&#8221; text_font_size=&#8221;20px&#8221; text_line_height=&#8221;1.6em&#8221; width=&#8221;80%&#8221; width_tablet=&#8221;&#8221; width_phone=&#8221;100%&#8221; width_last_edited=&#8221;on|phone&#8221; custom_margin=&#8221;80px||100px||false|false&#8221; text_font_size_tablet=&#8221;&#8221; text_font_size_phone=&#8221;17px&#8221; text_font_size_last_edited=&#8221;on|phone&#8221; global_colors_info=&#8221;{}&#8221;]<\/p>\n<div class=\"et_pb_module et_pb_text et_pb_text_0 et_pb_text_align_left et_pb_bg_layout_light\">\n<div class=\"et_pb_text_inner\">\n<p style=\"text-align: justify;\"><span style=\"font-weight: 400;\">When you choose Klanjac ltd. you&#8217;re choosing a partner dedicated to transforming your space into a haven of cleanliness. We take pride in the work we do, and we don&#8217;t consider a job done until you&#8217;re thrilled with the results.<\/span><\/p>\n<\/div>\n<\/div>\n<p>[\/et_pb_text][et_pb_button button_url=&#8221;#nama&#8221; button_text=&#8221;More about us&#8221; _builder_version=&#8221;4.22.1&#8243; _module_preset=&#8221;default&#8221; custom_button=&#8221;on&#8221; button_text_color=&#8221;#ffffff&#8221; button_bg_color=&#8221;#FF7F00&#8243; button_border_width=&#8221;0px&#8221; button_border_color=&#8221;#7DCDF0&#8243; button_border_radius=&#8221;6px&#8221; button_font=&#8221;DM Sans||||||||&#8221; button_use_icon=&#8221;off&#8221; custom_padding=&#8221;10px|35px|10px|35px|true|true&#8221; global_colors_info=&#8221;{}&#8221; button_bg_color__hover_enabled=&#8221;on|hover&#8221; button_bg_color__hover=&#8221;#FF7F00&#8243; button_bg_enable_color__hover=&#8221;on&#8221; button_border_width__hover_enabled=&#8221;on|hover&#8221; button_border_width__hover=&#8221;3px&#8221; button_border_color__hover_enabled=&#8221;on|hover&#8221; button_border_color__hover=&#8221;#ffffff&#8221;][\/et_pb_button][et_pb_code _builder_version=&#8221;4.22.0&#8243; _module_preset=&#8221;default&#8221; global_colors_info=&#8221;{}&#8221;]<\/p>\n<style><!-- [et_pb_line_break_holder] -->#page-container { overflow:hidden; }<!-- [et_pb_line_break_holder] --><\/style>\n<p>[\/et_pb_code][\/et_pb_column][et_pb_column type=&#8221;1_2&#8243; _builder_version=&#8221;4.16&#8243; _module_preset=&#8221;default&#8221; global_colors_info=&#8221;{}&#8221;][et_pb_image src=&#8221;https:\/\/www.klanjac.hr\/wp-content\/uploads\/2023\/08\/3-42b6f74f-fa8a-4751-9271-7dce54211531__1_-removebg-preview-1.png&#8221; title_text=&#8221;3-42b6f74f-fa8a-4751-9271-7dce54211531__1_-removebg-preview&#8221; _builder_version=&#8221;4.22.1&#8243; _module_preset=&#8221;default&#8221; custom_margin_tablet=&#8221;&#8221; custom_margin_phone=&#8221;-50px||||false|false&#8221; custom_margin_last_edited=&#8221;on|phone&#8221; global_colors_info=&#8221;{}&#8221;][\/et_pb_image][\/et_pb_column][\/et_pb_row][\/et_pb_section][et_pb_section fb_built=&#8221;1&#8243; module_id=&#8221;nama&#8221; _builder_version=&#8221;4.22.1&#8243; _module_preset=&#8221;default&#8221; background_color=&#8221;#ffffff&#8221; z_index=&#8221;-500&#8243; custom_margin=&#8221;5%||||false|false&#8221; global_colors_info=&#8221;{}&#8221;][et_pb_row column_structure=&#8221;1_2,1_2&#8243; _builder_version=&#8221;4.22.1&#8243; _module_preset=&#8221;default&#8221; custom_padding=&#8221;||||true|false&#8221; custom_css_before=&#8221;content: %22%22;||position: absolute;||  left   : 0;||  bottom  : 1;||  height  : 50px;||  width   : 50px;  \/* or 100px *\/||  border-top:3px solid #ff7f00;||  border-left:3px solid #ff7f00;||border-top-left-radius: 10px;||&#8221; locked=&#8221;off&#8221; global_colors_info=&#8221;{}&#8221;][et_pb_column type=&#8221;1_2&#8243; _builder_version=&#8221;4.22.1&#8243; _module_preset=&#8221;default&#8221; custom_padding=&#8221;20px|||20px|false|false&#8221; global_colors_info=&#8221;{}&#8221;][et_pb_text _builder_version=&#8221;4.22.1&#8243; _module_preset=&#8221;default&#8221; text_font=&#8221;DM Sans|500|||||||&#8221; text_font_size=&#8221;17px&#8221; text_line_height=&#8221;2.2em&#8221; width=&#8221;100%&#8221; module_alignment=&#8221;left&#8221; custom_padding=&#8221;0px||0px|0px|true|false&#8221; locked=&#8221;off&#8221; global_colors_info=&#8221;{}&#8221;]<\/p>\n<p><span style=\"font-weight: 400;\">Company Klanjac ltd.. was founded in 2008 as the legal successor of the carpentry trade. The business started in 1994 and from 1998, the business trade expanded to provide also cleaning services for all types of buildings. Klanjac ltd. today operates in a new building that was built in 2009.\u00a0<\/span><\/p>\n<p><span style=\"font-weight: 400;\">The primary activities are the production (sale and installation) of custom-made joinery, and professional cleaning services. Klanjac ltd. represents a family run business with a long tradition and a wide range of products.<\/span><\/p>\n<p>[\/et_pb_text][\/et_pb_column][et_pb_column type=&#8221;1_2&#8243; _builder_version=&#8221;4.22.1&#8243; _module_preset=&#8221;default&#8221; custom_padding=&#8221;0px||0px|20px|false|false&#8221; global_colors_info=&#8221;{}&#8221;][et_pb_text _builder_version=&#8221;4.22.1&#8243; _module_preset=&#8221;default&#8221; text_font=&#8221;DM Sans|500|||||||&#8221; text_font_size=&#8221;17px&#8221; text_line_height=&#8221;2.2em&#8221; width=&#8221;100%&#8221; module_alignment=&#8221;left&#8221; custom_padding=&#8221;0px|0px|0px||true|false&#8221; global_colors_info=&#8221;{}&#8221;]<\/p>\n<p><span style=\"font-weight: 400;\">With a team of young, dynamic and vibrant people, we work together with dedication to master the biggest challenges with quality of work and modern technology. In our endeavors, the cornerstones of professionalism, extensive experience, and profound technical-operational knowledge converge to form an unparalleled corporate asset. This invaluable combination empowers us to offer premium products and services of the highest caliber in the market.<\/span><\/p>\n<p><span style=\"font-weight: 400;\">The company uses local materials, designs and carefully considers customer requirements by adapting products to the ideas and wishes of the customers themselves. Continuous investments in equipment and knowledge ensure the company&#8217;s recognition and competitiveness.<\/span><\/p>\n<p>[\/et_pb_text][\/et_pb_column][\/et_pb_row][\/et_pb_section][et_pb_section fb_built=&#8221;1&#8243; admin_label=&#8221;kontakt&#8221; module_id=&#8221;zaposljavanje&#8221; _builder_version=&#8221;4.22.1&#8243; _module_preset=&#8221;default&#8221; background_color=&#8221;#f7f7f7&#8243; z_index=&#8221;-500&#8243; custom_padding=&#8221;||||false|false&#8221; border_color_top=&#8221;RGBA(125,205,240,0.3)&#8221; global_colors_info=&#8221;{}&#8221;][et_pb_row column_structure=&#8221;1_2,1_2&#8243; _builder_version=&#8221;4.22.1&#8243; _module_preset=&#8221;default&#8221; width=&#8221;90%&#8221; max_width=&#8221;70%&#8221; max_width_tablet=&#8221;70%&#8221; max_width_phone=&#8221;90%&#8221; max_width_last_edited=&#8221;on|phone&#8221; custom_padding=&#8221;55px|||||&#8221; background_color_phone=&#8221;RGBA(255,255,255,0)&#8221; background_last_edited=&#8221;on|phone&#8221; background_enable_color_phone=&#8221;on&#8221; border_color_top=&#8221;#eeeeee&#8221; border_color_bottom=&#8221;#eeeeee&#8221; border_width_bottom_tablet=&#8221;1px&#8221; border_width_bottom_phone=&#8221;&#8221; border_width_bottom_last_edited=&#8221;on|tablet&#8221; global_colors_info=&#8221;{}&#8221;][et_pb_column type=&#8221;1_2&#8243; _builder_version=&#8221;4.16&#8243; _module_preset=&#8221;default&#8221; global_colors_info=&#8221;{}&#8221;][dsm_text_divider header=&#8221;Contact us&#8221; text_alignment=&#8221;left&#8221; color=&#8221;#FF7F00&#8243; divider_weight=&#8221;4px&#8221; _builder_version=&#8221;4.22.1&#8243; _module_preset=&#8221;default&#8221; header_font=&#8221;DM Sans|700|||||||&#8221; header_text_align=&#8221;center&#8221; header_font_size=&#8221;30px&#8221; header_letter_spacing=&#8221;-1px&#8221; background_color=&#8221;RGBA(0,0,0,0)&#8221; width=&#8221;85%&#8221; width_tablet=&#8221;&#8221; width_phone=&#8221;100%&#8221; width_last_edited=&#8221;on|phone&#8221; module_alignment=&#8221;left&#8221; custom_margin=&#8221;90px|||-12px|false|false&#8221; custom_margin_tablet=&#8221;&#8221; custom_margin_phone=&#8221;0px|||-12px|false|false&#8221; custom_margin_last_edited=&#8221;on|phone&#8221; global_colors_info=&#8221;{}&#8221;][\/dsm_text_divider][et_pb_text _builder_version=&#8221;4.22.1&#8243; _module_preset=&#8221;default&#8221; text_font=&#8221;DM Sans|500|||||||&#8221; text_font_size=&#8221;17px&#8221; text_line_height=&#8221;2.2em&#8221; width=&#8221;100%&#8221; module_alignment=&#8221;left&#8221; text_orientation_tablet=&#8221;&#8221; text_orientation_phone=&#8221;center&#8221; text_orientation_last_edited=&#8221;on|phone&#8221; locked=&#8221;off&#8221; global_colors_info=&#8221;{}&#8221;]<\/p>\n<p><span>Contact us today for a <strong>free consultation<\/strong> and let us take care of your cleaning needs. With Klanjac Cleaning Services by your side, you can focus on providing <strong>the best experience for your guests<\/strong> while leaving the cleaning in our capable hands. <\/span><span>Experience the difference of a truly clean space with <strong>Klanjac Cleaning Services<\/strong>!<\/span><\/p>\n<p>[\/et_pb_text][\/et_pb_column][et_pb_column type=&#8221;1_2&#8243; _builder_version=&#8221;4.16&#8243; _module_preset=&#8221;default&#8221; global_colors_info=&#8221;{}&#8221;][et_pb_contact_form captcha=&#8221;off&#8221; submit_button_text=&#8221;Send&#8221; _builder_version=&#8221;4.22.1&#8243; _module_preset=&#8221;default&#8221; _unique_id=&#8221;9cb99d0a-a48c-4af5-9bb3-b9f48e8c968b&#8221; form_field_background_color=&#8221;rgba(125,205,240,0.3)&#8221; form_field_focus_text_color=&#8221;#000000&#8243; form_field_font=&#8221;DM Sans||||||||&#8221; form_field_font_size=&#8221;16px&#8221; custom_button=&#8221;on&#8221; button_text_size=&#8221;19px&#8221; button_text_color=&#8221;#FFFFFF&#8221; button_bg_color=&#8221;#f2641b&#8221; button_border_radius=&#8221;10px&#8221; button_font=&#8221;DM Sans||||||||&#8221; button_use_icon=&#8221;off&#8221; button_custom_padding=&#8221;15px|25px|15px|25px|true|true&#8221; submit_button_wait_text=&#8221;Molimo pri\u010dekajte&#8230;&#8221; success_button_font=&#8221;DM Sans||||||||&#8221; success_button_color=&#8221;#f2641b&#8221; files_container_background=&#8221;RGBA(125,205,240,0.3)&#8221; accepted_file_text_color=&#8221;rgba(10,5,5,0.72)&#8221; accepted_file_text_font=&#8221;DM Sans||||||||&#8221; file_button_font=&#8221;DM Sans||||||||&#8221; file_button_background=&#8221;#ffffff&#8221; file_button_color=&#8221;rgba(28,0,0,0.63)&#8221; file_button_size=&#8221;16px&#8221; file_button_padding=&#8221;10px|35px|10px|35px|true|true&#8221; file_button_border=&#8221;on|6px|6px|6px|6px&#8221; file_button_border_color=&#8221;#ffffff&#8221; file_button_border_width=&#8221;1px&#8221; file_button_icon=&#8221;&#xf1c1;||fa||400&#8243; file_button_icon_color=&#8221;#FF7F00&#8243; use_honeypot=&#8221;on&#8221; border_radii=&#8221;on|10px|10px|10px|10px&#8221; global_colors_info=&#8221;{}&#8221;][et_pb_contact_field field_id=&#8221;Name&#8221; field_title=&#8221;First and last name&#8221; fullwidth_field=&#8221;on&#8221; _builder_version=&#8221;4.22.0&#8243; global_colors_info=&#8221;{}&#8221; button_text_size__hover_enabled=&#8221;off&#8221; button_one_text_size__hover_enabled=&#8221;off&#8221; button_two_text_size__hover_enabled=&#8221;off&#8221; button_text_color__hover_enabled=&#8221;off&#8221; button_one_text_color__hover_enabled=&#8221;off&#8221; button_two_text_color__hover_enabled=&#8221;off&#8221; button_border_width__hover_enabled=&#8221;off&#8221; button_one_border_width__hover_enabled=&#8221;off&#8221; button_two_border_width__hover_enabled=&#8221;off&#8221; button_border_color__hover_enabled=&#8221;off&#8221; button_one_border_color__hover_enabled=&#8221;off&#8221; button_two_border_color__hover_enabled=&#8221;off&#8221; button_border_radius__hover_enabled=&#8221;off&#8221; button_one_border_radius__hover_enabled=&#8221;off&#8221; button_two_border_radius__hover_enabled=&#8221;off&#8221; button_letter_spacing__hover_enabled=&#8221;off&#8221; button_one_letter_spacing__hover_enabled=&#8221;off&#8221; button_two_letter_spacing__hover_enabled=&#8221;off&#8221; button_bg_color__hover_enabled=&#8221;off&#8221; button_one_bg_color__hover_enabled=&#8221;off&#8221; button_two_bg_color__hover_enabled=&#8221;off&#8221;][\/et_pb_contact_field][et_pb_contact_field field_id=&#8221;Email&#8221; field_title=&#8221;Email &#8221; field_type=&#8221;email&#8221; fullwidth_field=&#8221;on&#8221; _builder_version=&#8221;4.22.0&#8243; global_colors_info=&#8221;{}&#8221; button_text_size__hover_enabled=&#8221;off&#8221; button_one_text_size__hover_enabled=&#8221;off&#8221; button_two_text_size__hover_enabled=&#8221;off&#8221; button_text_color__hover_enabled=&#8221;off&#8221; button_one_text_color__hover_enabled=&#8221;off&#8221; button_two_text_color__hover_enabled=&#8221;off&#8221; button_border_width__hover_enabled=&#8221;off&#8221; button_one_border_width__hover_enabled=&#8221;off&#8221; button_two_border_width__hover_enabled=&#8221;off&#8221; button_border_color__hover_enabled=&#8221;off&#8221; button_one_border_color__hover_enabled=&#8221;off&#8221; button_two_border_color__hover_enabled=&#8221;off&#8221; button_border_radius__hover_enabled=&#8221;off&#8221; button_one_border_radius__hover_enabled=&#8221;off&#8221; button_two_border_radius__hover_enabled=&#8221;off&#8221; button_letter_spacing__hover_enabled=&#8221;off&#8221; button_one_letter_spacing__hover_enabled=&#8221;off&#8221; button_two_letter_spacing__hover_enabled=&#8221;off&#8221; button_bg_color__hover_enabled=&#8221;off&#8221; button_one_bg_color__hover_enabled=&#8221;off&#8221; button_two_bg_color__hover_enabled=&#8221;off&#8221;][\/et_pb_contact_field][et_pb_contact_field field_id=&#8221;Broj&#8221; field_title=&#8221;Phone&#8221; fullwidth_field=&#8221;on&#8221; _builder_version=&#8221;4.22.0&#8243; _module_preset=&#8221;default&#8221; global_colors_info=&#8221;{}&#8221;][\/et_pb_contact_field][et_pb_contact_field field_id=&#8221;Message&#8221; field_title=&#8221;Message&#8221; field_type=&#8221;text&#8221; fullwidth_field=&#8221;on&#8221; _builder_version=&#8221;4.22.0&#8243; global_colors_info=&#8221;{}&#8221; button_text_size__hover_enabled=&#8221;off&#8221; button_one_text_size__hover_enabled=&#8221;off&#8221; button_two_text_size__hover_enabled=&#8221;off&#8221; button_text_color__hover_enabled=&#8221;off&#8221; button_one_text_color__hover_enabled=&#8221;off&#8221; button_two_text_color__hover_enabled=&#8221;off&#8221; button_border_width__hover_enabled=&#8221;off&#8221; button_one_border_width__hover_enabled=&#8221;off&#8221; button_two_border_width__hover_enabled=&#8221;off&#8221; button_border_color__hover_enabled=&#8221;off&#8221; button_one_border_color__hover_enabled=&#8221;off&#8221; button_two_border_color__hover_enabled=&#8221;off&#8221; button_border_radius__hover_enabled=&#8221;off&#8221; button_one_border_radius__hover_enabled=&#8221;off&#8221; button_two_border_radius__hover_enabled=&#8221;off&#8221; button_letter_spacing__hover_enabled=&#8221;off&#8221; button_one_letter_spacing__hover_enabled=&#8221;off&#8221; button_two_letter_spacing__hover_enabled=&#8221;off&#8221; button_bg_color__hover_enabled=&#8221;off&#8221; button_one_bg_color__hover_enabled=&#8221;off&#8221; button_two_bg_color__hover_enabled=&#8221;off&#8221;][\/et_pb_contact_field][et_pb_contact_field field_id=&#8221;GDPR&#8221; field_title=&#8221;GDPR&#8221; field_type=&#8221;checkbox&#8221; checkbox_options=&#8221;%91{%22value%22:%22I confirm that I have read, understood and agree to the terms of privacy and data processing.%22,%22checked%22:0,%22dragID%22:-1}%93&#8243; fullwidth_field=&#8221;on&#8221; _builder_version=&#8221;4.22.1&#8243; _module_preset=&#8221;default&#8221; global_colors_info=&#8221;{}&#8221;][\/et_pb_contact_field][\/et_pb_contact_form][\/et_pb_column][\/et_pb_row][\/et_pb_section]<\/p>\n","protected":false},"excerpt":{"rendered":"<p>About us When you choose Klanjac ltd. you&#8217;re choosing a partner dedicated to transforming your space into a haven of cleanliness. We take pride in the work we do, and we don&#8217;t consider a job done until you&#8217;re thrilled with the results. Company Klanjac ltd.. was founded in 2008 as the legal successor of the [&hellip;]<\/p>\n","protected":false},"author":1,"featured_media":0,"parent":0,"menu_order":0,"comment_status":"closed","ping_status":"closed","template":"","meta":{"_et_pb_use_builder":"on","_et_pb_old_content":"","_et_gb_content_width":"","footnotes":""},"class_list":["post-4410","page","type-page","status-publish","hentry"],"yoast_head":"<!-- This site is optimized with the Yoast SEO plugin v26.4 - https:\/\/yoast.com\/wordpress\/plugins\/seo\/ -->\n<title>About us - Klanjac d.o.o<\/title>\n<meta name=\"description\" content=\"We take pride in the work we do, and we don\u2019t consider a job done until you\u2019re thrilled with the results.\" \/>\n<meta name=\"robots\" content=\"index, follow, max-snippet:-1, max-image-preview:large, max-video-preview:-1\" \/>\n<link rel=\"canonical\" href=\"https:\/\/www.klanjac.hr\/en\/about-us\/\" \/>\n<meta property=\"og:locale\" content=\"en_US\" \/>\n<meta property=\"og:type\" content=\"article\" \/>\n<meta property=\"og:title\" content=\"About us - Klanjac d.o.o\" \/>\n<meta property=\"og:description\" content=\"We take pride in the work we do, and we don\u2019t consider a job done until you\u2019re thrilled with the results.\" \/>\n<meta property=\"og:url\" content=\"https:\/\/www.klanjac.hr\/en\/about-us\/\" \/>\n<meta property=\"og:site_name\" content=\"Klanjac d.o.o\" \/>\n<meta property=\"article:modified_time\" content=\"2023-09-15T06:53:18+00:00\" \/>\n<meta name=\"twitter:card\" content=\"summary_large_image\" \/>\n<meta name=\"twitter:label1\" content=\"Est. reading time\" \/>\n\t<meta name=\"twitter:data1\" content=\"4 minutes\" \/>\n<script type=\"application\/ld+json\" class=\"yoast-schema-graph\">{\"@context\":\"https:\/\/schema.org\",\"@graph\":[{\"@type\":\"WebPage\",\"@id\":\"https:\/\/www.klanjac.hr\/en\/about-us\/\",\"url\":\"https:\/\/www.klanjac.hr\/en\/about-us\/\",\"name\":\"About us - Klanjac d.o.o\",\"isPartOf\":{\"@id\":\"https:\/\/www.klanjac.hr\/en\/#website\"},\"datePublished\":\"2023-08-28T15:47:13+00:00\",\"dateModified\":\"2023-09-15T06:53:18+00:00\",\"description\":\"We take pride in the work we do, and we don\u2019t consider a job done until you\u2019re thrilled with the results.\",\"breadcrumb\":{\"@id\":\"https:\/\/www.klanjac.hr\/en\/about-us\/#breadcrumb\"},\"inLanguage\":\"en-US\",\"potentialAction\":[{\"@type\":\"ReadAction\",\"target\":[\"https:\/\/www.klanjac.hr\/en\/about-us\/\"]}]},{\"@type\":\"BreadcrumbList\",\"@id\":\"https:\/\/www.klanjac.hr\/en\/about-us\/#breadcrumb\",\"itemListElement\":[{\"@type\":\"ListItem\",\"position\":1,\"name\":\"Po\u010detna stranica\",\"item\":\"https:\/\/www.klanjac.hr\/en\/\"},{\"@type\":\"ListItem\",\"position\":2,\"name\":\"About us\"}]},{\"@type\":\"WebSite\",\"@id\":\"https:\/\/www.klanjac.hr\/en\/#website\",\"url\":\"https:\/\/www.klanjac.hr\/en\/\",\"name\":\"Klanjac d.o.o\",\"description\":\"Servis za \u010di\u0161\u0107enje i stolarija\",\"publisher\":{\"@id\":\"https:\/\/www.klanjac.hr\/en\/#organization\"},\"potentialAction\":[{\"@type\":\"SearchAction\",\"target\":{\"@type\":\"EntryPoint\",\"urlTemplate\":\"https:\/\/www.klanjac.hr\/en\/?s={search_term_string}\"},\"query-input\":{\"@type\":\"PropertyValueSpecification\",\"valueRequired\":true,\"valueName\":\"search_term_string\"}}],\"inLanguage\":\"en-US\"},{\"@type\":\"Organization\",\"@id\":\"https:\/\/www.klanjac.hr\/en\/#organization\",\"name\":\"Klanjac d.o.o\",\"url\":\"https:\/\/www.klanjac.hr\/en\/\",\"logo\":{\"@type\":\"ImageObject\",\"inLanguage\":\"en-US\",\"@id\":\"https:\/\/www.klanjac.hr\/en\/#\/schema\/logo\/image\/\",\"url\":\"https:\/\/www.klanjac.hr\/wp-content\/uploads\/2023\/08\/klanjac_logo-01.png\",\"contentUrl\":\"https:\/\/www.klanjac.hr\/wp-content\/uploads\/2023\/08\/klanjac_logo-01.png\",\"width\":2433,\"height\":994,\"caption\":\"Klanjac d.o.o\"},\"image\":{\"@id\":\"https:\/\/www.klanjac.hr\/en\/#\/schema\/logo\/image\/\"}}]}<\/script>\n<!-- \/ Yoast SEO plugin. -->","yoast_head_json":{"title":"About us - Klanjac d.o.o","description":"We take pride in the work we do, and we don\u2019t consider a job done until you\u2019re thrilled with the results.","robots":{"index":"index","follow":"follow","max-snippet":"max-snippet:-1","max-image-preview":"max-image-preview:large","max-video-preview":"max-video-preview:-1"},"canonical":"https:\/\/www.klanjac.hr\/en\/about-us\/","og_locale":"en_US","og_type":"article","og_title":"About us - Klanjac d.o.o","og_description":"We take pride in the work we do, and we don\u2019t consider a job done until you\u2019re thrilled with the results.","og_url":"https:\/\/www.klanjac.hr\/en\/about-us\/","og_site_name":"Klanjac d.o.o","article_modified_time":"2023-09-15T06:53:18+00:00","twitter_card":"summary_large_image","twitter_misc":{"Est. reading time":"4 minutes"},"schema":{"@context":"https:\/\/schema.org","@graph":[{"@type":"WebPage","@id":"https:\/\/www.klanjac.hr\/en\/about-us\/","url":"https:\/\/www.klanjac.hr\/en\/about-us\/","name":"About us - Klanjac d.o.o","isPartOf":{"@id":"https:\/\/www.klanjac.hr\/en\/#website"},"datePublished":"2023-08-28T15:47:13+00:00","dateModified":"2023-09-15T06:53:18+00:00","description":"We take pride in the work we do, and we don\u2019t consider a job done until you\u2019re thrilled with the results.","breadcrumb":{"@id":"https:\/\/www.klanjac.hr\/en\/about-us\/#breadcrumb"},"inLanguage":"en-US","potentialAction":[{"@type":"ReadAction","target":["https:\/\/www.klanjac.hr\/en\/about-us\/"]}]},{"@type":"BreadcrumbList","@id":"https:\/\/www.klanjac.hr\/en\/about-us\/#breadcrumb","itemListElement":[{"@type":"ListItem","position":1,"name":"Po\u010detna stranica","item":"https:\/\/www.klanjac.hr\/en\/"},{"@type":"ListItem","position":2,"name":"About us"}]},{"@type":"WebSite","@id":"https:\/\/www.klanjac.hr\/en\/#website","url":"https:\/\/www.klanjac.hr\/en\/","name":"Klanjac d.o.o","description":"Servis za \u010di\u0161\u0107enje i stolarija","publisher":{"@id":"https:\/\/www.klanjac.hr\/en\/#organization"},"potentialAction":[{"@type":"SearchAction","target":{"@type":"EntryPoint","urlTemplate":"https:\/\/www.klanjac.hr\/en\/?s={search_term_string}"},"query-input":{"@type":"PropertyValueSpecification","valueRequired":true,"valueName":"search_term_string"}}],"inLanguage":"en-US"},{"@type":"Organization","@id":"https:\/\/www.klanjac.hr\/en\/#organization","name":"Klanjac d.o.o","url":"https:\/\/www.klanjac.hr\/en\/","logo":{"@type":"ImageObject","inLanguage":"en-US","@id":"https:\/\/www.klanjac.hr\/en\/#\/schema\/logo\/image\/","url":"https:\/\/www.klanjac.hr\/wp-content\/uploads\/2023\/08\/klanjac_logo-01.png","contentUrl":"https:\/\/www.klanjac.hr\/wp-content\/uploads\/2023\/08\/klanjac_logo-01.png","width":2433,"height":994,"caption":"Klanjac d.o.o"},"image":{"@id":"https:\/\/www.klanjac.hr\/en\/#\/schema\/logo\/image\/"}}]}},"_links":{"self":[{"href":"https:\/\/www.klanjac.hr\/en\/wp-json\/wp\/v2\/pages\/4410","targetHints":{"allow":["GET"]}}],"collection":[{"href":"https:\/\/www.klanjac.hr\/en\/wp-json\/wp\/v2\/pages"}],"about":[{"href":"https:\/\/www.klanjac.hr\/en\/wp-json\/wp\/v2\/types\/page"}],"author":[{"embeddable":true,"href":"https:\/\/www.klanjac.hr\/en\/wp-json\/wp\/v2\/users\/1"}],"replies":[{"embeddable":true,"href":"https:\/\/www.klanjac.hr\/en\/wp-json\/wp\/v2\/comments?post=4410"}],"version-history":[{"count":0,"href":"https:\/\/www.klanjac.hr\/en\/wp-json\/wp\/v2\/pages\/4410\/revisions"}],"wp:attachment":[{"href":"https:\/\/www.klanjac.hr\/en\/wp-json\/wp\/v2\/media?parent=4410"}],"curies":[{"name":"wp","href":"https:\/\/api.w.org\/{rel}","templated":true}]}}