{"id":4332,"date":"2023-08-09T12:20:33","date_gmt":"2023-08-09T12:20:33","guid":{"rendered":"https:\/\/www.klanjac.hr\/homepage\/"},"modified":"2023-09-14T20:36:49","modified_gmt":"2023-09-14T20:36:49","slug":"homepage","status":"publish","type":"page","link":"https:\/\/www.klanjac.hr\/en\/","title":{"rendered":"Homepage"},"content":{"rendered":"<p>[et_pb_section fb_built=&#8221;1&#8243; _builder_version=&#8221;4.22.0&#8243; _module_preset=&#8221;default&#8221; custom_margin=&#8221;0px||0px||false|false&#8221; custom_padding=&#8221;0px||0px|||&#8221; global_colors_info=&#8221;{}&#8221;][et_pb_row column_structure=&#8221;1_2,1_2&#8243; use_custom_gutter=&#8221;on&#8221; gutter_width=&#8221;1&#8243; make_equal=&#8221;on&#8221; _builder_version=&#8221;4.22.1&#8243; _module_preset=&#8221;default&#8221; width=&#8221;100%&#8221; max_width=&#8221;100%&#8221; height=&#8221;100vh&#8221; custom_margin=&#8221;0px||0px||false|false&#8221; custom_padding=&#8221;0px||0px||false|false&#8221; hover_enabled=&#8221;0&#8243; custom_css_main_element=&#8221;align-items: center;&#8221; global_colors_info=&#8221;{}&#8221; sticky_enabled=&#8221;0&#8243;][et_pb_column type=&#8221;1_2&#8243; _builder_version=&#8221;4.22.1&#8243; _module_preset=&#8221;default&#8221; background_color=&#8221;#ff7f00&#8243; use_background_color_gradient=&#8221;on&#8221; background_color_gradient_stops=&#8221;rgba(10,10,10,0.64) 0%|rgba(10,1,1,0.76) 99%&#8221; background_color_gradient_overlays_image=&#8221;on&#8221; background_image=&#8221;https:\/\/www.klanjac.hr\/wp-content\/uploads\/2023\/08\/ciscenje-prostora-klanjac.jpg&#8221; animation_style=&#8221;fade&#8221; animation_delay=&#8221;100ms&#8221; animation_starting_opacity=&#8221;80%&#8221; link_option_url=&#8221;https:\/\/www.klanjac.hr\/en\/cleaning-services\/&#8221; hover_enabled=&#8221;0&#8243; custom_css_main_element=&#8221;HEIGHT:100VH;&#8221; border_color_right=&#8221;#FF7F00&#8243; border_color_bottom=&#8221;#FF7F00&#8243; border_width_right_tablet=&#8221;0px&#8221; border_width_right_phone=&#8221;0px&#8221; border_width_right_last_edited=&#8221;on|tablet&#8221; border_width_bottom_tablet=&#8221;0px&#8221; border_width_bottom_phone=&#8221;0px&#8221; border_width_bottom_last_edited=&#8221;on|tablet&#8221; global_colors_info=&#8221;{}&#8221; custom_css_main_element_last_edited=&#8221;on|phone&#8221; custom_css_main_element_tablet=&#8221;HEIGHT:50VH;&#8221; custom_css_main_element_phone=&#8221;HEIGHT:50VH;&#8221; background__hover_enabled=&#8221;on|hover&#8221; background_color_gradient_stops__hover=&#8221;rgba(10,10,10,0.89) 0%|rgba(10,1,1,0.84) 100%&#8221; use_background_color_gradient__hover=&#8221;on&#8221; sticky_enabled=&#8221;0&#8243;][et_pb_text _builder_version=&#8221;4.22.1&#8243; _module_preset=&#8221;default&#8221; text_font=&#8221;DM Sans||||||||&#8221; text_text_color=&#8221;#ffffff&#8221; header_font=&#8221;DM Sans||||||||&#8221; header_text_color=&#8221;#FFFFFF&#8221; header_font_size=&#8221;40px&#8221; header_4_font=&#8221;DM Sans||||||||&#8221; header_4_text_color=&#8221;#ffffff&#8221; positioning=&#8221;absolute&#8221; position_origin_a=&#8221;center_center&#8221; text_orientation=&#8221;center&#8221; custom_margin=&#8221;||||false|false&#8221; custom_padding=&#8221;10px|10px||10px|false|true&#8221; custom_padding_tablet=&#8221;10px|10px||10px|false|true&#8221; custom_padding_phone=&#8221;10px|0px||0px|false|true&#8221; custom_padding_last_edited=&#8221;on|phone&#8221; link_option_url=&#8221;https:\/\/www.klanjac.hr\/en\/cleaning-services\/&#8221; hover_enabled=&#8221;0&#8243; header_text_color_tablet=&#8221;#FFFFFF&#8221; header_text_color_phone=&#8221;#FFFFFF&#8221; header_text_color_last_edited=&#8221;on|phone&#8221; header_font_size_tablet=&#8221;40px&#8221; header_font_size_phone=&#8221;20px&#8221; header_font_size_last_edited=&#8221;on|phone&#8221; custom_css_before=&#8221;content: %22%22; ||position: absolute;||  left   : -15px;|| top  : -15px;||  height  : 50px;||  width   : 50px;  \/* or 100px *\/||  border-top:3px solid #ff7f00;||  border-left:3px solid #ff7f00;||border-top-left-radius: 10px;||||&#8221; custom_css_after=&#8221;content: %22%22;||position: absolute;||right  : -15px; ||bottom   : -15px;||  height  : 50px;||  width   : 50px;  \/* or 100px *\/||  border-bottom:3px solid #ff7f00;||  border-right:3px solid #ff7f00;||border-bottom-right-radius: 10px;||||&#8221; header_text_shadow_style=&#8221;preset3&#8243; header_text_shadow_color=&#8221;RGBA(125,205,240,0.3)&#8221; global_colors_info=&#8221;{}&#8221; custom_css_before_last_edited=&#8221;on|phone&#8221; custom_css_before_phone=&#8221;content: %22%22; ||position: absolute;||  left   : -15px;|| top  : -5px;||  height  : 20px;||  width   : 20px;  \/* or 100px *\/||  border-top:3px solid #ff7f00;||  border-left:3px solid #ff7f00;||border-top-left-radius: 5px;||||&#8221; custom_css_after_last_edited=&#8221;on|phone&#8221; custom_css_after_phone=&#8221;content: %22%22;||position: absolute;||right  : -15px; ||bottom   : -5px;||  height  : 20px;||  width   : 20px;  \/* or 100px *\/||  border-bottom:3px solid #ff7f00;||  border-right:3px solid #ff7f00;||border-bottom-right-radius: 5px;||||&#8221; custom_css_before_tablet=&#8221;content: %22%22; ||position: absolute;||  left   : -15px;|| top  : -15px;||  height  : 50px;||  width   : 50px;  \/* or 100px *\/||  border-top:3px solid #ff7f00;||  border-left:3px solid #ff7f00;||border-top-left-radius: 10px;||||&#8221; custom_css_after_tablet=&#8221;content: %22%22;||position: absolute;||right  : -15px; ||bottom   : -15px;||  height  : 50px;||  width   : 50px;  \/* or 100px *\/||  border-bottom:3px solid #ff7f00;||  border-right:3px solid #ff7f00;||border-bottom-right-radius: 10px;||||&#8221; sticky_enabled=&#8221;0&#8243;]<\/p>\n<h1><a href=\"https:\/\/www.klanjac.hr\/en\/cleaning-services\/\">Cleaning Services<\/a><\/h1>\n<p>[\/et_pb_text][\/et_pb_column][et_pb_column type=&#8221;1_2&#8243; _builder_version=&#8221;4.22.1&#8243; _module_preset=&#8221;default&#8221; use_background_color_gradient=&#8221;on&#8221; background_color_gradient_stops=&#8221;rgba(10,10,10,0.64) 0%|rgba(10,10,10,0.64) 100%&#8221; background_color_gradient_overlays_image=&#8221;on&#8221; background_image=&#8221;https:\/\/www.klanjac.hr\/wp-content\/uploads\/2023\/08\/klanjac-stolarija.jpg&#8221; animation_style=&#8221;fade&#8221; animation_delay=&#8221;300ms&#8221; animation_starting_opacity=&#8221;80%&#8221; link_option_url=&#8221;https:\/\/www.klanjac.hr\/en\/carpentry\/&#8221; hover_enabled=&#8221;0&#8243; custom_css_main_element=&#8221;HEIGHT:100VH;&#8221; global_colors_info=&#8221;{}&#8221; custom_css_main_element_last_edited=&#8221;on|phone&#8221; custom_css_main_element_tablet=&#8221;HEIGHT:50VH;&#8221; custom_css_main_element_phone=&#8221;HEIGHT:50VH;&#8221; background__hover_enabled=&#8221;on|hover&#8221; background_color_gradient_stops__hover=&#8221;rgba(10,10,10,0.8) 1%|rgba(10,10,10,0.85) 98%&#8221; use_background_color_gradient__hover=&#8221;on&#8221; sticky_enabled=&#8221;0&#8243;][et_pb_text _builder_version=&#8221;4.22.1&#8243; _module_preset=&#8221;default&#8221; text_font=&#8221;DM Sans||||||||&#8221; text_text_color=&#8221;#ffffff&#8221; header_font=&#8221;DM Sans||||||||&#8221; header_text_color=&#8221;#FFFFFF&#8221; header_font_size=&#8221;40px&#8221; header_4_font=&#8221;DM Sans||||||||&#8221; header_4_text_color=&#8221;#ffffff&#8221; positioning=&#8221;absolute&#8221; position_origin_a=&#8221;center_center&#8221; text_orientation=&#8221;center&#8221; custom_margin=&#8221;||||false|false&#8221; custom_padding=&#8221;10px|10px||10px|false|true&#8221; custom_padding_tablet=&#8221;10px|10px||10px|false|true&#8221; custom_padding_phone=&#8221;10px|0px||0px|false|true&#8221; custom_padding_last_edited=&#8221;on|phone&#8221; link_option_url=&#8221;https:\/\/www.klanjac.hr\/en\/carpentry\/&#8221; hover_enabled=&#8221;0&#8243; header_text_color_tablet=&#8221;#FFFFFF&#8221; header_text_color_phone=&#8221;#FFFFFF&#8221; header_text_color_last_edited=&#8221;on|phone&#8221; header_font_size_tablet=&#8221;40px&#8221; header_font_size_phone=&#8221;20px&#8221; header_font_size_last_edited=&#8221;on|phone&#8221; custom_css_before=&#8221;content: %22%22; ||position: absolute;||  left   : -15px;|| top  : -15px;||  height  : 50px;||  width   : 50px;  \/* or 100px *\/||  border-top:3px solid #ff7f00;||  border-left:3px solid #ff7f00;||border-top-left-radius: 10px;||||&#8221; custom_css_after=&#8221;content: %22%22;||position: absolute;||right  : -15px; ||bottom   : -15px;||  height  : 50px;||  width   : 50px;  \/* or 100px *\/||  border-bottom:3px solid #ff7f00;||  border-right:3px solid #ff7f00;||border-bottom-right-radius: 10px;||||&#8221; header_text_shadow_style=&#8221;preset3&#8243; header_text_shadow_color=&#8221;RGBA(125,205,240,0.3)&#8221; global_colors_info=&#8221;{}&#8221; custom_css_before_phone=&#8221;content: %22%22; ||position: absolute;||  left   : -15px;|| top  : -5px;||  height  : 20px;||  width   : 20px;  \/* or 100px *\/||  border-top:3px solid #ff7f00;||  border-left:3px solid #ff7f00;||border-top-left-radius: 5px;||||&#8221; custom_css_before_last_edited=&#8221;on|phone&#8221; custom_css_after_phone=&#8221;content: %22%22;||position: absolute;||right  : -15px; ||bottom   : -5px;||  height  : 20px;||  width   : 20px;  \/* or 100px *\/||  border-bottom:3px solid #ff7f00;||  border-right:3px solid #ff7f00;||border-bottom-right-radius: 5px;||||&#8221; custom_css_after_last_edited=&#8221;on|phone&#8221; custom_css_before_tablet=&#8221;content: %22%22; ||position: absolute;||  left   : -15px;|| top  : -15px;||  height  : 50px;||  width   : 50px;  \/* or 100px *\/||  border-top:3px solid #ff7f00;||  border-left:3px solid #ff7f00;||border-top-left-radius: 10px;||||&#8221; custom_css_after_tablet=&#8221;content: %22%22;||position: absolute;||right  : -15px; ||bottom   : -15px;||  height  : 50px;||  width   : 50px;  \/* or 100px *\/||  border-bottom:3px solid #ff7f00;||  border-right:3px solid #ff7f00;||border-bottom-right-radius: 10px;||||&#8221; sticky_enabled=&#8221;0&#8243;]<\/p>\n<h1><a href=\"https:\/\/www.klanjac.hr\/en\/carpentry\/\">Carpentry<\/a><\/h1>\n<p>[\/et_pb_text][\/et_pb_column][\/et_pb_row][et_pb_row _builder_version=&#8221;4.22.1&#8243; _module_preset=&#8221;default&#8221; positioning=&#8221;absolute&#8221; position_origin_a=&#8221;center_center&#8221; z_index=&#8221;139&#8243; width=&#8221;52%&#8221; global_colors_info=&#8221;{}&#8221;][et_pb_column type=&#8221;4_4&#8243; _builder_version=&#8221;4.22.0&#8243; _module_preset=&#8221;default&#8221; global_colors_info=&#8221;{}&#8221;][et_pb_image src=&#8221;https:\/\/www.klanjac.hr\/wp-content\/uploads\/2023\/08\/klanjac_logo-01.png&#8221; title_text=&#8221;klanjac_logo-01&#8243; align=&#8221;center&#8221; _builder_version=&#8221;4.22.1&#8243; _module_preset=&#8221;default&#8221; position_origin_a=&#8221;center_center&#8221; position_origin_f=&#8221;center_center&#8221; max_width=&#8221;300px&#8221; max_width_tablet=&#8221;200px&#8221; max_width_phone=&#8221;150px&#8221; max_width_last_edited=&#8221;on|phone&#8221; animation_style=&#8221;zoom&#8221; animation_duration=&#8221;1650ms&#8221; animation_delay=&#8221;850ms&#8221; animation_intensity_zoom=&#8221;10%&#8221; animation_starting_opacity=&#8221;80%&#8221; global_colors_info=&#8221;{}&#8221;][\/et_pb_image][\/et_pb_column][\/et_pb_row][\/et_pb_section]<\/p>\n","protected":false},"excerpt":{"rendered":"<p>Cleaning ServicesCarpentry<\/p>\n","protected":false},"author":1,"featured_media":4285,"parent":0,"menu_order":0,"comment_status":"closed","ping_status":"closed","template":"","meta":{"_et_pb_use_builder":"on","_et_pb_old_content":"","_et_gb_content_width":"","footnotes":""},"class_list":["post-4332","page","type-page","status-publish","has-post-thumbnail","hentry"],"yoast_head":"<!-- This site is optimized with the Yoast SEO plugin v26.4 - https:\/\/yoast.com\/wordpress\/plugins\/seo\/ -->\n<title>Homepage - Klanjac d.o.o<\/title>\n<meta name=\"robots\" content=\"index, follow, max-snippet:-1, max-image-preview:large, max-video-preview:-1\" \/>\n<link rel=\"canonical\" href=\"https:\/\/www.klanjac.hr\/en\/\" \/>\n<meta property=\"og:locale\" content=\"en_US\" \/>\n<meta property=\"og:type\" content=\"article\" \/>\n<meta property=\"og:title\" content=\"Homepage - Klanjac d.o.o\" \/>\n<meta property=\"og:description\" content=\"Cleaning ServicesCarpentry\" \/>\n<meta property=\"og:url\" content=\"https:\/\/www.klanjac.hr\/en\/\" \/>\n<meta property=\"og:site_name\" content=\"Klanjac d.o.o\" \/>\n<meta property=\"article:modified_time\" content=\"2023-09-14T20:36:49+00:00\" \/>\n<meta property=\"og:image\" content=\"https:\/\/www.klanjac.hr\/wp-content\/uploads\/2023\/08\/servis-za-ciscenje-klanjac.jpg\" \/>\n\t<meta property=\"og:image:width\" content=\"1500\" \/>\n\t<meta property=\"og:image:height\" content=\"1001\" \/>\n\t<meta property=\"og:image:type\" content=\"image\/jpeg\" \/>\n<meta name=\"twitter:card\" content=\"summary_large_image\" \/>\n<meta name=\"twitter:label1\" content=\"Est. reading time\" \/>\n\t<meta name=\"twitter:data1\" content=\"2 minutes\" \/>\n<script type=\"application\/ld+json\" class=\"yoast-schema-graph\">{\"@context\":\"https:\/\/schema.org\",\"@graph\":[{\"@type\":\"WebPage\",\"@id\":\"https:\/\/www.klanjac.hr\/en\/\",\"url\":\"https:\/\/www.klanjac.hr\/en\/\",\"name\":\"Homepage - Klanjac d.o.o\",\"isPartOf\":{\"@id\":\"https:\/\/www.klanjac.hr\/en\/#website\"},\"primaryImageOfPage\":{\"@id\":\"https:\/\/www.klanjac.hr\/en\/#primaryimage\"},\"image\":{\"@id\":\"https:\/\/www.klanjac.hr\/en\/#primaryimage\"},\"thumbnailUrl\":\"https:\/\/www.klanjac.hr\/wp-content\/uploads\/2023\/08\/servis-za-ciscenje-klanjac.jpg\",\"datePublished\":\"2023-08-09T12:20:33+00:00\",\"dateModified\":\"2023-09-14T20:36:49+00:00\",\"breadcrumb\":{\"@id\":\"https:\/\/www.klanjac.hr\/en\/#breadcrumb\"},\"inLanguage\":\"en-US\",\"potentialAction\":[{\"@type\":\"ReadAction\",\"target\":[\"https:\/\/www.klanjac.hr\/en\/\"]}]},{\"@type\":\"ImageObject\",\"inLanguage\":\"en-US\",\"@id\":\"https:\/\/www.klanjac.hr\/en\/#primaryimage\",\"url\":\"https:\/\/www.klanjac.hr\/wp-content\/uploads\/2023\/08\/servis-za-ciscenje-klanjac.jpg\",\"contentUrl\":\"https:\/\/www.klanjac.hr\/wp-content\/uploads\/2023\/08\/servis-za-ciscenje-klanjac.jpg\",\"width\":1500,\"height\":1001},{\"@type\":\"BreadcrumbList\",\"@id\":\"https:\/\/www.klanjac.hr\/en\/#breadcrumb\",\"itemListElement\":[{\"@type\":\"ListItem\",\"position\":1,\"name\":\"Po\u010detna stranica\",\"item\":\"https:\/\/www.klanjac.hr\/en\/\"},{\"@type\":\"ListItem\",\"position\":2,\"name\":\"Homepage\"}]},{\"@type\":\"WebSite\",\"@id\":\"https:\/\/www.klanjac.hr\/en\/#website\",\"url\":\"https:\/\/www.klanjac.hr\/en\/\",\"name\":\"Klanjac d.o.o\",\"description\":\"Servis za \u010di\u0161\u0107enje i stolarija\",\"publisher\":{\"@id\":\"https:\/\/www.klanjac.hr\/en\/#organization\"},\"potentialAction\":[{\"@type\":\"SearchAction\",\"target\":{\"@type\":\"EntryPoint\",\"urlTemplate\":\"https:\/\/www.klanjac.hr\/en\/?s={search_term_string}\"},\"query-input\":{\"@type\":\"PropertyValueSpecification\",\"valueRequired\":true,\"valueName\":\"search_term_string\"}}],\"inLanguage\":\"en-US\"},{\"@type\":\"Organization\",\"@id\":\"https:\/\/www.klanjac.hr\/en\/#organization\",\"name\":\"Klanjac d.o.o\",\"url\":\"https:\/\/www.klanjac.hr\/en\/\",\"logo\":{\"@type\":\"ImageObject\",\"inLanguage\":\"en-US\",\"@id\":\"https:\/\/www.klanjac.hr\/en\/#\/schema\/logo\/image\/\",\"url\":\"https:\/\/www.klanjac.hr\/wp-content\/uploads\/2023\/08\/klanjac_logo-01.png\",\"contentUrl\":\"https:\/\/www.klanjac.hr\/wp-content\/uploads\/2023\/08\/klanjac_logo-01.png\",\"width\":2433,\"height\":994,\"caption\":\"Klanjac d.o.o\"},\"image\":{\"@id\":\"https:\/\/www.klanjac.hr\/en\/#\/schema\/logo\/image\/\"}}]}<\/script>\n<!-- \/ Yoast SEO plugin. -->","yoast_head_json":{"title":"Homepage - Klanjac d.o.o","robots":{"index":"index","follow":"follow","max-snippet":"max-snippet:-1","max-image-preview":"max-image-preview:large","max-video-preview":"max-video-preview:-1"},"canonical":"https:\/\/www.klanjac.hr\/en\/","og_locale":"en_US","og_type":"article","og_title":"Homepage - Klanjac d.o.o","og_description":"Cleaning ServicesCarpentry","og_url":"https:\/\/www.klanjac.hr\/en\/","og_site_name":"Klanjac d.o.o","article_modified_time":"2023-09-14T20:36:49+00:00","og_image":[{"width":1500,"height":1001,"url":"https:\/\/www.klanjac.hr\/wp-content\/uploads\/2023\/08\/servis-za-ciscenje-klanjac.jpg","type":"image\/jpeg"}],"twitter_card":"summary_large_image","twitter_misc":{"Est. reading time":"2 minutes"},"schema":{"@context":"https:\/\/schema.org","@graph":[{"@type":"WebPage","@id":"https:\/\/www.klanjac.hr\/en\/","url":"https:\/\/www.klanjac.hr\/en\/","name":"Homepage - Klanjac d.o.o","isPartOf":{"@id":"https:\/\/www.klanjac.hr\/en\/#website"},"primaryImageOfPage":{"@id":"https:\/\/www.klanjac.hr\/en\/#primaryimage"},"image":{"@id":"https:\/\/www.klanjac.hr\/en\/#primaryimage"},"thumbnailUrl":"https:\/\/www.klanjac.hr\/wp-content\/uploads\/2023\/08\/servis-za-ciscenje-klanjac.jpg","datePublished":"2023-08-09T12:20:33+00:00","dateModified":"2023-09-14T20:36:49+00:00","breadcrumb":{"@id":"https:\/\/www.klanjac.hr\/en\/#breadcrumb"},"inLanguage":"en-US","potentialAction":[{"@type":"ReadAction","target":["https:\/\/www.klanjac.hr\/en\/"]}]},{"@type":"ImageObject","inLanguage":"en-US","@id":"https:\/\/www.klanjac.hr\/en\/#primaryimage","url":"https:\/\/www.klanjac.hr\/wp-content\/uploads\/2023\/08\/servis-za-ciscenje-klanjac.jpg","contentUrl":"https:\/\/www.klanjac.hr\/wp-content\/uploads\/2023\/08\/servis-za-ciscenje-klanjac.jpg","width":1500,"height":1001},{"@type":"BreadcrumbList","@id":"https:\/\/www.klanjac.hr\/en\/#breadcrumb","itemListElement":[{"@type":"ListItem","position":1,"name":"Po\u010detna stranica","item":"https:\/\/www.klanjac.hr\/en\/"},{"@type":"ListItem","position":2,"name":"Homepage"}]},{"@type":"WebSite","@id":"https:\/\/www.klanjac.hr\/en\/#website","url":"https:\/\/www.klanjac.hr\/en\/","name":"Klanjac d.o.o","description":"Servis za \u010di\u0161\u0107enje i stolarija","publisher":{"@id":"https:\/\/www.klanjac.hr\/en\/#organization"},"potentialAction":[{"@type":"SearchAction","target":{"@type":"EntryPoint","urlTemplate":"https:\/\/www.klanjac.hr\/en\/?s={search_term_string}"},"query-input":{"@type":"PropertyValueSpecification","valueRequired":true,"valueName":"search_term_string"}}],"inLanguage":"en-US"},{"@type":"Organization","@id":"https:\/\/www.klanjac.hr\/en\/#organization","name":"Klanjac d.o.o","url":"https:\/\/www.klanjac.hr\/en\/","logo":{"@type":"ImageObject","inLanguage":"en-US","@id":"https:\/\/www.klanjac.hr\/en\/#\/schema\/logo\/image\/","url":"https:\/\/www.klanjac.hr\/wp-content\/uploads\/2023\/08\/klanjac_logo-01.png","contentUrl":"https:\/\/www.klanjac.hr\/wp-content\/uploads\/2023\/08\/klanjac_logo-01.png","width":2433,"height":994,"caption":"Klanjac d.o.o"},"image":{"@id":"https:\/\/www.klanjac.hr\/en\/#\/schema\/logo\/image\/"}}]}},"_links":{"self":[{"href":"https:\/\/www.klanjac.hr\/en\/wp-json\/wp\/v2\/pages\/4332","targetHints":{"allow":["GET"]}}],"collection":[{"href":"https:\/\/www.klanjac.hr\/en\/wp-json\/wp\/v2\/pages"}],"about":[{"href":"https:\/\/www.klanjac.hr\/en\/wp-json\/wp\/v2\/types\/page"}],"author":[{"embeddable":true,"href":"https:\/\/www.klanjac.hr\/en\/wp-json\/wp\/v2\/users\/1"}],"replies":[{"embeddable":true,"href":"https:\/\/www.klanjac.hr\/en\/wp-json\/wp\/v2\/comments?post=4332"}],"version-history":[{"count":0,"href":"https:\/\/www.klanjac.hr\/en\/wp-json\/wp\/v2\/pages\/4332\/revisions"}],"wp:featuredmedia":[{"embeddable":true,"href":"https:\/\/www.klanjac.hr\/en\/wp-json\/wp\/v2\/media\/4285"}],"wp:attachment":[{"href":"https:\/\/www.klanjac.hr\/en\/wp-json\/wp\/v2\/media?parent=4332"}],"curies":[{"name":"wp","href":"https:\/\/api.w.org\/{rel}","templated":true}]}}